{"id":253,"date":"2021-02-09T16:11:38","date_gmt":"2021-02-09T15:11:38","guid":{"rendered":"http:\/\/www.sylvainthevenet.fr\/?page_id=253"},"modified":"2021-05-02T07:08:32","modified_gmt":"2021-05-02T05:08:32","slug":"plantes-aromatiques","status":"publish","type":"page","link":"https:\/\/www.sylvainthevenet.fr\/?page_id=253","title":{"rendered":"plantes aromatiques"},"content":{"rendered":"\t\t<div data-elementor-type=\"wp-page\" data-elementor-id=\"253\" class=\"elementor elementor-253\">\n\t\t\t\t\t\t<section class=\"elementor-section elementor-top-section elementor-element elementor-element-3743e4a elementor-section-boxed elementor-section-height-default elementor-section-height-default\" data-id=\"3743e4a\" data-element_type=\"section\" data-e-type=\"section\">\n\t\t\t\t\t\t<div class=\"elementor-container elementor-column-gap-default\">\n\t\t\t\t\t<div class=\"elementor-column elementor-col-100 elementor-top-column elementor-element elementor-element-1f3fab6\" data-id=\"1f3fab6\" data-element_type=\"column\" data-e-type=\"column\">\n\t\t\t<div class=\"elementor-widget-wrap elementor-element-populated\">\n\t\t\t\t\t\t<div class=\"elementor-element elementor-element-d299a51 elementor-widget elementor-widget-text-editor\" data-id=\"d299a51\" data-element_type=\"widget\" data-e-type=\"widget\" data-widget_type=\"text-editor.default\">\n\t\t\t\t<div class=\"elementor-widget-container\">\n\t\t\t\t\t\t\t\t\t<p>Dans un souci de diversification de la production et pour s\u2019affranchir d\u2019un syst\u00e8me agricole bas\u00e9 sur la monoculture, La ferme Saint Maurice produit aussi du thym BIO destin\u00e9 \u00e0 l\u2019herboristerie.<br \/>Le thym est r\u00e9colt\u00e9 d\u00e9but mai, il est ensuite pour une partie vendu directement en vrac et pour l\u2019autre s\u00e9ch\u00e9, battu et tri\u00e9 \u00e0 la ferme pour vous \u00eatre propos\u00e9 en sachet de 40g et 80g \u00e0 utiliser en tisane ou pour la cuisine.<\/p>\t\t\t\t\t\t\t\t<\/div>\n\t\t\t\t<\/div>\n\t\t\t\t\t<\/div>\n\t\t<\/div>\n\t\t\t\t\t<\/div>\n\t\t<\/section>\n\t\t\t\t<section class=\"elementor-section elementor-top-section elementor-element elementor-element-2c9d049 elementor-section-boxed elementor-section-height-default elementor-section-height-default\" data-id=\"2c9d049\" data-element_type=\"section\" data-e-type=\"section\">\n\t\t\t\t\t\t<div class=\"elementor-container elementor-column-gap-default\">\n\t\t\t\t\t<div class=\"elementor-column elementor-col-100 elementor-top-column elementor-element elementor-element-d356179\" data-id=\"d356179\" data-element_type=\"column\" data-e-type=\"column\">\n\t\t\t<div class=\"elementor-widget-wrap elementor-element-populated\">\n\t\t\t\t\t\t<div class=\"elementor-element elementor-element-f670f9b elementor-widget elementor-widget-image-gallery\" data-id=\"f670f9b\" data-element_type=\"widget\" data-e-type=\"widget\" data-widget_type=\"image-gallery.default\">\n\t\t\t\t<div class=\"elementor-widget-container\">\n\t\t\t\t\t\t\t<div class=\"elementor-image-gallery\">\n\t\t\t<div id='gallery-1' class='gallery galleryid-253 gallery-columns-2 gallery-size-full'><figure class='gallery-item'>\n\t\t\t<div class='gallery-icon portrait'>\n\t\t\t\t<a data-elementor-open-lightbox=\"yes\" data-elementor-lightbox-slideshow=\"f670f9b\" data-elementor-lightbox-title=\"drome-france-wine-vin-saillans-syrah-agroecologie-carignan-clairette-24\" data-e-action-hash=\"#elementor-action%3Aaction%3Dlightbox%26settings%3DeyJpZCI6MjksInVybCI6Imh0dHBzOlwvXC93d3cuc3lsdmFpbnRoZXZlbmV0LmZyXC93cC1jb250ZW50XC91cGxvYWRzXC8yMDIxXC8wMVwvZHJvbWUtZnJhbmNlLXdpbmUtdmluLXNhaWxsYW5zLXN5cmFoLWFncm9lY29sb2dpZS1jYXJpZ25hbi1jbGFpcmV0dGUtMjQuanBnIiwic2xpZGVzaG93IjoiZjY3MGY5YiJ9\" href='https:\/\/www.sylvainthevenet.fr\/wp-content\/uploads\/2021\/01\/drome-france-wine-vin-saillans-syrah-agroecologie-carignan-clairette-24.jpg'><img fetchpriority=\"high\" decoding=\"async\" width=\"366\" height=\"650\" src=\"https:\/\/www.sylvainthevenet.fr\/wp-content\/uploads\/2021\/01\/drome-france-wine-vin-saillans-syrah-agroecologie-carignan-clairette-24.jpg\" class=\"attachment-full size-full\" alt=\"\" srcset=\"https:\/\/www.sylvainthevenet.fr\/wp-content\/uploads\/2021\/01\/drome-france-wine-vin-saillans-syrah-agroecologie-carignan-clairette-24.jpg 366w, https:\/\/www.sylvainthevenet.fr\/wp-content\/uploads\/2021\/01\/drome-france-wine-vin-saillans-syrah-agroecologie-carignan-clairette-24-169x300.jpg 169w\" sizes=\"(max-width: 366px) 85vw, 366px\" \/><\/a>\n\t\t\t<\/div><\/figure><figure class='gallery-item'>\n\t\t\t<div class='gallery-icon landscape'>\n\t\t\t\t<a data-elementor-open-lightbox=\"yes\" data-elementor-lightbox-slideshow=\"f670f9b\" data-elementor-lightbox-title=\"drome-france-wine-vin-saillans-syrah-agroecologie-carignan-clairette-38\" data-e-action-hash=\"#elementor-action%3Aaction%3Dlightbox%26settings%3DeyJpZCI6NDMsInVybCI6Imh0dHBzOlwvXC93d3cuc3lsdmFpbnRoZXZlbmV0LmZyXC93cC1jb250ZW50XC91cGxvYWRzXC8yMDIxXC8wMVwvZHJvbWUtZnJhbmNlLXdpbmUtdmluLXNhaWxsYW5zLXN5cmFoLWFncm9lY29sb2dpZS1jYXJpZ25hbi1jbGFpcmV0dGUtMzguanBnIiwic2xpZGVzaG93IjoiZjY3MGY5YiJ9\" href='https:\/\/www.sylvainthevenet.fr\/wp-content\/uploads\/2021\/01\/drome-france-wine-vin-saillans-syrah-agroecologie-carignan-clairette-38.jpg'><img decoding=\"async\" width=\"650\" height=\"366\" src=\"https:\/\/www.sylvainthevenet.fr\/wp-content\/uploads\/2021\/01\/drome-france-wine-vin-saillans-syrah-agroecologie-carignan-clairette-38.jpg\" class=\"attachment-full size-full\" alt=\"\" srcset=\"https:\/\/www.sylvainthevenet.fr\/wp-content\/uploads\/2021\/01\/drome-france-wine-vin-saillans-syrah-agroecologie-carignan-clairette-38.jpg 650w, https:\/\/www.sylvainthevenet.fr\/wp-content\/uploads\/2021\/01\/drome-france-wine-vin-saillans-syrah-agroecologie-carignan-clairette-38-300x169.jpg 300w\" sizes=\"(max-width: 650px) 85vw, 650px\" \/><\/a>\n\t\t\t<\/div><\/figure>\n\t\t<\/div>\n\t\t<\/div>\n\t\t\t\t\t\t<\/div>\n\t\t\t\t<\/div>\n\t\t\t\t\t<\/div>\n\t\t<\/div>\n\t\t\t\t\t<\/div>\n\t\t<\/section>\n\t\t\t\t<\/div>\n\t\t","protected":false},"excerpt":{"rendered":"<p>Dans un souci de diversification de la production et pour s\u2019affranchir d\u2019un syst\u00e8me agricole bas\u00e9 sur la monoculture, La ferme Saint Maurice produit aussi du thym BIO destin\u00e9 \u00e0 l\u2019herboristerie.Le thym est r\u00e9colt\u00e9 d\u00e9but mai, il est ensuite pour une partie vendu directement en vrac et pour l\u2019autre s\u00e9ch\u00e9, battu et tri\u00e9 \u00e0 la ferme &hellip; <a href=\"https:\/\/www.sylvainthevenet.fr\/?page_id=253\" class=\"more-link\">Continuer la lecture<span class=\"screen-reader-text\"> de &laquo;&nbsp;plantes aromatiques&nbsp;&raquo;<\/span><\/a><\/p>\n","protected":false},"author":1,"featured_media":0,"parent":0,"menu_order":0,"comment_status":"closed","ping_status":"closed","template":"","meta":{"footnotes":""},"class_list":["post-253","page","type-page","status-publish","hentry"],"_links":{"self":[{"href":"https:\/\/www.sylvainthevenet.fr\/index.php?rest_route=\/wp\/v2\/pages\/253","targetHints":{"allow":["GET"]}}],"collection":[{"href":"https:\/\/www.sylvainthevenet.fr\/index.php?rest_route=\/wp\/v2\/pages"}],"about":[{"href":"https:\/\/www.sylvainthevenet.fr\/index.php?rest_route=\/wp\/v2\/types\/page"}],"author":[{"embeddable":true,"href":"https:\/\/www.sylvainthevenet.fr\/index.php?rest_route=\/wp\/v2\/users\/1"}],"replies":[{"embeddable":true,"href":"https:\/\/www.sylvainthevenet.fr\/index.php?rest_route=%2Fwp%2Fv2%2Fcomments&post=253"}],"version-history":[{"count":16,"href":"https:\/\/www.sylvainthevenet.fr\/index.php?rest_route=\/wp\/v2\/pages\/253\/revisions"}],"predecessor-version":[{"id":833,"href":"https:\/\/www.sylvainthevenet.fr\/index.php?rest_route=\/wp\/v2\/pages\/253\/revisions\/833"}],"wp:attachment":[{"href":"https:\/\/www.sylvainthevenet.fr\/index.php?rest_route=%2Fwp%2Fv2%2Fmedia&parent=253"}],"curies":[{"name":"wp","href":"https:\/\/api.w.org\/{rel}","templated":true}]}}