{"id":64,"date":"2021-01-27T15:14:11","date_gmt":"2021-01-27T14:14:11","guid":{"rendered":"http:\/\/drhudvr.cluster030.hosting.ovh.net\/?page_id=64"},"modified":"2021-05-02T07:05:47","modified_gmt":"2021-05-02T05:05:47","slug":"vins","status":"publish","type":"page","link":"https:\/\/www.sylvainthevenet.fr\/?page_id=64","title":{"rendered":"vins"},"content":{"rendered":"\t\t<div data-elementor-type=\"wp-page\" data-elementor-id=\"64\" class=\"elementor elementor-64\">\n\t\t\t\t\t\t<section class=\"elementor-section elementor-top-section elementor-element elementor-element-a9a9a20 elementor-section-boxed elementor-section-height-default elementor-section-height-default\" data-id=\"a9a9a20\" data-element_type=\"section\" data-e-type=\"section\">\n\t\t\t\t\t\t<div class=\"elementor-container elementor-column-gap-default\">\n\t\t\t\t\t<div class=\"elementor-column elementor-col-100 elementor-top-column elementor-element elementor-element-5386cc5\" data-id=\"5386cc5\" data-element_type=\"column\" data-e-type=\"column\">\n\t\t\t<div class=\"elementor-widget-wrap elementor-element-populated\">\n\t\t\t\t\t\t<div class=\"elementor-element elementor-element-af29c20 elementor-widget elementor-widget-text-editor\" data-id=\"af29c20\" data-element_type=\"widget\" data-e-type=\"widget\" data-widget_type=\"text-editor.default\">\n\t\t\t\t<div class=\"elementor-widget-container\">\n\t\t\t\t\t\t\t\t\t<p>Je vous invite \u00e0 d\u00e9couvrir les vins Bio de la Ferme Saint Maurice j\u2019esp\u00e8re qu\u2019ils vous plairont.<br \/>Les vins rouges sont issus d\u2019une vigne de Syrah de 1ha que j\u2019ai plant\u00e9e en 2014, conduite en bio depuis sa plantation, ainsi que d\u2019une petite vigne de Carignan plant\u00e9e il y a 75 ans. Le vin blanc provient d\u2019une vigne de Clairette plant\u00e9e en 1968.<br \/>Je pratique une \u00ab\u00a0vinification\u00a0douce\u00a0\u00bb, limitant au maximum les intrants. Les raisins fermentent naturellement sans ajout de levures s\u00e9lectionn\u00e9s. Je travaille les mo\u00fbts par des remontages et des pigeages quotidiens.\u2028Je limite aux maximum les collage et la filtration et m\u2019interdit l\u2019ajout d\u2019additifs dans les vins. La pr\u00e9sence possible d\u2019un d\u00e9p\u00f4t au fond de la bouteille est donc naturelle.\u2028Un peu de sulfite est utilis\u00e9 lors de la vinification et de l\u2019\u00e9levage pour vous garantir la nettet\u00e9 et la qualit\u00e9 des ar\u00f4mes. Le taux de sulfites reste donc faible, il est bien inf\u00e9rieur aux vins de consommation courante, et ne causera pas de maux de t\u00eate.<br \/>Un bon vin c\u2019est aussi une bonne occasion pour le boire. C\u2019est entre amis, en famille, que la d\u00e9gustation prendra tout son sens. Je souhaite que ces vins puissent vous accompagner dans ces bons moments.<\/p>\t\t\t\t\t\t\t\t<\/div>\n\t\t\t\t<\/div>\n\t\t\t\t\t<\/div>\n\t\t<\/div>\n\t\t\t\t\t<\/div>\n\t\t<\/section>\n\t\t\t\t<section class=\"elementor-section elementor-top-section elementor-element elementor-element-5acd583 elementor-section-boxed elementor-section-height-default elementor-section-height-default\" data-id=\"5acd583\" data-element_type=\"section\" data-e-type=\"section\">\n\t\t\t\t\t\t<div class=\"elementor-container elementor-column-gap-default\">\n\t\t\t\t\t<div class=\"elementor-column elementor-col-100 elementor-top-column elementor-element elementor-element-69167d8\" data-id=\"69167d8\" data-element_type=\"column\" data-e-type=\"column\">\n\t\t\t<div class=\"elementor-widget-wrap elementor-element-populated\">\n\t\t\t\t\t\t<div class=\"elementor-element elementor-element-336da48 elementor-widget elementor-widget-heading\" data-id=\"336da48\" data-element_type=\"widget\" data-e-type=\"widget\" data-widget_type=\"heading.default\">\n\t\t\t\t<div class=\"elementor-widget-container\">\n\t\t\t\t\t<h1 class=\"elementor-heading-title elementor-size-default\">cuv\u00e9es<\/h1>\t\t\t\t<\/div>\n\t\t\t\t<\/div>\n\t\t\t\t\t<\/div>\n\t\t<\/div>\n\t\t\t\t\t<\/div>\n\t\t<\/section>\n\t\t\t\t<section class=\"elementor-section elementor-top-section elementor-element elementor-element-761600b elementor-section-boxed elementor-section-height-default elementor-section-height-default\" data-id=\"761600b\" data-element_type=\"section\" data-e-type=\"section\">\n\t\t\t\t\t\t<div class=\"elementor-container elementor-column-gap-default\">\n\t\t\t\t\t<div class=\"elementor-column elementor-col-50 elementor-top-column elementor-element elementor-element-0cf2da1\" data-id=\"0cf2da1\" data-element_type=\"column\" data-e-type=\"column\">\n\t\t\t<div class=\"elementor-widget-wrap elementor-element-populated\">\n\t\t\t\t\t\t<div class=\"elementor-element elementor-element-b41e6ff elementor-widget elementor-widget-image\" data-id=\"b41e6ff\" data-element_type=\"widget\" data-e-type=\"widget\" data-widget_type=\"image.default\">\n\t\t\t\t<div class=\"elementor-widget-container\">\n\t\t\t\t\t\t\t\t\t\t\t\t<figure class=\"wp-caption\">\n\t\t\t\t\t\t\t\t\t\t<img fetchpriority=\"high\" decoding=\"async\" width=\"600\" height=\"444\" src=\"https:\/\/www.sylvainthevenet.fr\/wp-content\/uploads\/2021\/05\/ars-longa-2018_wine-red-label-saillans-domaine-vin-etiquette.png\" class=\"attachment-large size-large wp-image-810\" alt=\"Ars Longa\" srcset=\"https:\/\/www.sylvainthevenet.fr\/wp-content\/uploads\/2021\/05\/ars-longa-2018_wine-red-label-saillans-domaine-vin-etiquette.png 600w, https:\/\/www.sylvainthevenet.fr\/wp-content\/uploads\/2021\/05\/ars-longa-2018_wine-red-label-saillans-domaine-vin-etiquette-300x222.png 300w\" sizes=\"(max-width: 600px) 85vw, 600px\" \/>\t\t\t\t\t\t\t\t\t\t\t<figcaption class=\"widget-image-caption wp-caption-text\">\u00a9 Yannis Frier<\/figcaption>\n\t\t\t\t\t\t\t\t\t\t<\/figure>\n\t\t\t\t\t\t\t\t\t<\/div>\n\t\t\t\t<\/div>\n\t\t\t\t\t<\/div>\n\t\t<\/div>\n\t\t\t\t<div class=\"elementor-column elementor-col-50 elementor-top-column elementor-element elementor-element-194f0c7\" data-id=\"194f0c7\" data-element_type=\"column\" data-e-type=\"column\">\n\t\t\t<div class=\"elementor-widget-wrap elementor-element-populated\">\n\t\t\t\t\t\t<div class=\"elementor-element elementor-element-195665b elementor-widget elementor-widget-text-editor\" data-id=\"195665b\" data-element_type=\"widget\" data-e-type=\"widget\" data-widget_type=\"text-editor.default\">\n\t\t\t\t<div class=\"elementor-widget-container\">\n\t\t\t\t\t\t\t\t\t<h5>Ars Longa 2018<strong><br \/><\/strong><\/h5>\t\t\t\t\t\t\t\t<\/div>\n\t\t\t\t<\/div>\n\t\t\t\t<div class=\"elementor-element elementor-element-8b5438e elementor-widget elementor-widget-text-editor\" data-id=\"8b5438e\" data-element_type=\"widget\" data-e-type=\"widget\" data-widget_type=\"text-editor.default\">\n\t\t\t\t<div class=\"elementor-widget-container\">\n\t\t\t\t\t\t\t\t\t<p>2018, mill\u00e9sime pr\u00e9coce qui conf\u00e8re \u00e0 cette cuv\u00e9e des touches m\u00e9ridionales, avec d\u2019intenses ar\u00f4mes de fruits rouges, d\u2019\u00e9pices, beaucoup de rondeur en bouche, des tanins fondus et un bel \u00e9quilibre entre le fruit et la concentration.\u2028 \u00c0 carafer et boire d\u00e8s \u00e0 pr\u00e9sent sur un gigot d\u2019agneau ou \u00e0 faire vieillir quelques ann\u00e9es (4\/5 ans) en cave.<\/p><p><strong>\u2192 Syrah<br \/>\u2192 14.5%vol<\/strong><\/p>\t\t\t\t\t\t\t\t<\/div>\n\t\t\t\t<\/div>\n\t\t\t\t\t<\/div>\n\t\t<\/div>\n\t\t\t\t\t<\/div>\n\t\t<\/section>\n\t\t\t\t<section class=\"elementor-section elementor-top-section elementor-element elementor-element-ab2a0ac elementor-section-boxed elementor-section-height-default elementor-section-height-default\" data-id=\"ab2a0ac\" data-element_type=\"section\" data-e-type=\"section\">\n\t\t\t\t\t\t<div class=\"elementor-container elementor-column-gap-default\">\n\t\t\t\t\t<div class=\"elementor-column elementor-col-50 elementor-top-column elementor-element elementor-element-30722cc\" data-id=\"30722cc\" data-element_type=\"column\" data-e-type=\"column\">\n\t\t\t<div class=\"elementor-widget-wrap elementor-element-populated\">\n\t\t\t\t\t\t<div class=\"elementor-element elementor-element-09c0eda elementor-widget elementor-widget-image\" data-id=\"09c0eda\" data-element_type=\"widget\" data-e-type=\"widget\" data-widget_type=\"image.default\">\n\t\t\t\t<div class=\"elementor-widget-container\">\n\t\t\t\t\t\t\t\t\t\t\t\t<figure class=\"wp-caption\">\n\t\t\t\t\t\t\t\t\t\t<img decoding=\"async\" width=\"600\" height=\"444\" src=\"https:\/\/www.sylvainthevenet.fr\/wp-content\/uploads\/2021\/05\/vita-brevis-2019_wine-red-label-saillans-domaine-vin-etiquette.png\" class=\"attachment-large size-large wp-image-811\" alt=\"Vita Brevis\" srcset=\"https:\/\/www.sylvainthevenet.fr\/wp-content\/uploads\/2021\/05\/vita-brevis-2019_wine-red-label-saillans-domaine-vin-etiquette.png 600w, https:\/\/www.sylvainthevenet.fr\/wp-content\/uploads\/2021\/05\/vita-brevis-2019_wine-red-label-saillans-domaine-vin-etiquette-300x222.png 300w\" sizes=\"(max-width: 600px) 85vw, 600px\" \/>\t\t\t\t\t\t\t\t\t\t\t<figcaption class=\"widget-image-caption wp-caption-text\">\u00a9 Yannis Frier<\/figcaption>\n\t\t\t\t\t\t\t\t\t\t<\/figure>\n\t\t\t\t\t\t\t\t\t<\/div>\n\t\t\t\t<\/div>\n\t\t\t\t\t<\/div>\n\t\t<\/div>\n\t\t\t\t<div class=\"elementor-column elementor-col-50 elementor-top-column elementor-element elementor-element-a22a7e1\" data-id=\"a22a7e1\" data-element_type=\"column\" data-e-type=\"column\">\n\t\t\t<div class=\"elementor-widget-wrap elementor-element-populated\">\n\t\t\t\t\t\t<div class=\"elementor-element elementor-element-9b05398 elementor-widget elementor-widget-text-editor\" data-id=\"9b05398\" data-element_type=\"widget\" data-e-type=\"widget\" data-widget_type=\"text-editor.default\">\n\t\t\t\t<div class=\"elementor-widget-container\">\n\t\t\t\t\t\t\t\t\t<h5><strong>Vita Brevis 2019<br \/><\/strong><\/h5>\t\t\t\t\t\t\t\t<\/div>\n\t\t\t\t<\/div>\n\t\t\t\t<div class=\"elementor-element elementor-element-e0ef0bb elementor-widget elementor-widget-text-editor\" data-id=\"e0ef0bb\" data-element_type=\"widget\" data-e-type=\"widget\" data-widget_type=\"text-editor.default\">\n\t\t\t\t<div class=\"elementor-widget-container\">\n\t\t\t\t\t\t\t\t\t<p>Cette cuv\u00e9e se pr\u00e9sente fruit\u00e9e et \u00e9quilibr\u00e9e. La Syrah y apporte l\u2019\u00e9l\u00e9gance de ses tanins et de son fruit, tandis que le Carignan am\u00e8ne sa belle couleur, son acidit\u00e9 franche et des notes plus v\u00e9g\u00e9tales.\u2028 Une bonne a\u00e9ration est indispensable avant de le servir avec un picodon cr\u00e9meux ou un poulet basquaise. \u00c0 consommer dans les 2 ans.<\/p><p><strong>\u2192 Syrah 80% et Carignan 20%<br \/>\u2192 12.5%vol<\/strong><\/p>\t\t\t\t\t\t\t\t<\/div>\n\t\t\t\t<\/div>\n\t\t\t\t\t<\/div>\n\t\t<\/div>\n\t\t\t\t\t<\/div>\n\t\t<\/section>\n\t\t\t\t<section class=\"elementor-section elementor-top-section elementor-element elementor-element-c0fe452 elementor-section-boxed elementor-section-height-default elementor-section-height-default\" data-id=\"c0fe452\" data-element_type=\"section\" data-e-type=\"section\">\n\t\t\t\t\t\t<div class=\"elementor-container elementor-column-gap-default\">\n\t\t\t\t\t<div class=\"elementor-column elementor-col-50 elementor-top-column elementor-element elementor-element-59ab0d4\" data-id=\"59ab0d4\" data-element_type=\"column\" data-e-type=\"column\">\n\t\t\t<div class=\"elementor-widget-wrap elementor-element-populated\">\n\t\t\t\t\t\t<div class=\"elementor-element elementor-element-dfdab12 elementor-widget elementor-widget-image\" data-id=\"dfdab12\" data-element_type=\"widget\" data-e-type=\"widget\" data-widget_type=\"image.default\">\n\t\t\t\t<div class=\"elementor-widget-container\">\n\t\t\t\t\t\t\t\t\t\t\t\t<figure class=\"wp-caption\">\n\t\t\t\t\t\t\t\t\t\t<img decoding=\"async\" width=\"600\" height=\"550\" src=\"https:\/\/www.sylvainthevenet.fr\/wp-content\/uploads\/2021\/05\/kore-2020_wine-white-label-saillans-domaine-vin-etiquette.png\" class=\"attachment-large size-large wp-image-812\" alt=\"\" srcset=\"https:\/\/www.sylvainthevenet.fr\/wp-content\/uploads\/2021\/05\/kore-2020_wine-white-label-saillans-domaine-vin-etiquette.png 600w, https:\/\/www.sylvainthevenet.fr\/wp-content\/uploads\/2021\/05\/kore-2020_wine-white-label-saillans-domaine-vin-etiquette-300x275.png 300w\" sizes=\"(max-width: 600px) 85vw, 600px\" \/>\t\t\t\t\t\t\t\t\t\t\t<figcaption class=\"widget-image-caption wp-caption-text\">\u00a9 Yannis Frier<\/figcaption>\n\t\t\t\t\t\t\t\t\t\t<\/figure>\n\t\t\t\t\t\t\t\t\t<\/div>\n\t\t\t\t<\/div>\n\t\t\t\t\t<\/div>\n\t\t<\/div>\n\t\t\t\t<div class=\"elementor-column elementor-col-50 elementor-top-column elementor-element elementor-element-3c6e7b9\" data-id=\"3c6e7b9\" data-element_type=\"column\" data-e-type=\"column\">\n\t\t\t<div class=\"elementor-widget-wrap elementor-element-populated\">\n\t\t\t\t\t\t<div class=\"elementor-element elementor-element-542cfe9 elementor-widget elementor-widget-text-editor\" data-id=\"542cfe9\" data-element_type=\"widget\" data-e-type=\"widget\" data-widget_type=\"text-editor.default\">\n\t\t\t\t<div class=\"elementor-widget-container\">\n\t\t\t\t\t\t\t\t\t<h5>K\u00f4r\u00e9 2020<\/h5>\t\t\t\t\t\t\t\t<\/div>\n\t\t\t\t<\/div>\n\t\t\t\t<div class=\"elementor-element elementor-element-a28a9a1 elementor-widget elementor-widget-text-editor\" data-id=\"a28a9a1\" data-element_type=\"widget\" data-e-type=\"widget\" data-widget_type=\"text-editor.default\">\n\t\t\t\t<div class=\"elementor-widget-container\">\n\t\t\t\t\t\t\t\t\t<p>Premi\u00e8re cuv\u00e9e vinifi\u00e9e en blanc. Ce blanc sec est issu du c\u00e9page Clairette. Il est \u00e0 la fois l\u00e9ger et digeste, d\u00e9licatement perlant, avec un faible degr\u00e9 alcoolique et vinifi\u00e9 avec tr\u00e8s peu de sulfite.<br \/>Cette cuv\u00e9e aux ar\u00f4mes floraux est \u00e0 servir fra\u00eeche (10\u00b0c), elle conviendra notamment tr\u00e8s bien \u00e0 l\u2019ap\u00e9ritif, mais aussi avec des huitres, des Saint-Jacques\u2026<\/p><p><strong>\u2192 c\u00e9page Clairette<br \/>\u2192 <\/strong><strong>11.5%vol<\/strong><\/p>\t\t\t\t\t\t\t\t<\/div>\n\t\t\t\t<\/div>\n\t\t\t\t\t<\/div>\n\t\t<\/div>\n\t\t\t\t\t<\/div>\n\t\t<\/section>\n\t\t\t\t<section class=\"elementor-section elementor-top-section elementor-element elementor-element-a500dae elementor-section-boxed elementor-section-height-default elementor-section-height-default\" data-id=\"a500dae\" data-element_type=\"section\" data-e-type=\"section\">\n\t\t\t\t\t\t<div class=\"elementor-container elementor-column-gap-default\">\n\t\t\t\t\t<div class=\"elementor-column elementor-col-100 elementor-top-column elementor-element elementor-element-29a99f3\" data-id=\"29a99f3\" data-element_type=\"column\" data-e-type=\"column\">\n\t\t\t<div class=\"elementor-widget-wrap elementor-element-populated\">\n\t\t\t\t\t\t<div class=\"elementor-element elementor-element-93c6aef gallery-spacing-custom elementor-widget elementor-widget-image-gallery\" data-id=\"93c6aef\" data-element_type=\"widget\" data-e-type=\"widget\" data-widget_type=\"image-gallery.default\">\n\t\t\t\t<div class=\"elementor-widget-container\">\n\t\t\t\t\t\t\t<div class=\"elementor-image-gallery\">\n\t\t\t<div id='gallery-1' class='gallery galleryid-64 gallery-columns-4 gallery-size-thumbnail'><figure class='gallery-item'>\n\t\t\t<div class='gallery-icon landscape'>\n\t\t\t\t<a data-elementor-open-lightbox=\"yes\" data-elementor-lightbox-slideshow=\"93c6aef\" data-elementor-lightbox-title=\"drome-france-wine-vin-saillans-syrah-agroecologie-carignan-clairette-48\" data-e-action-hash=\"#elementor-action%3Aaction%3Dlightbox%26settings%3DeyJpZCI6NTMsInVybCI6Imh0dHBzOlwvXC93d3cuc3lsdmFpbnRoZXZlbmV0LmZyXC93cC1jb250ZW50XC91cGxvYWRzXC8yMDIxXC8wMVwvZHJvbWUtZnJhbmNlLXdpbmUtdmluLXNhaWxsYW5zLXN5cmFoLWFncm9lY29sb2dpZS1jYXJpZ25hbi1jbGFpcmV0dGUtNDguanBnIiwic2xpZGVzaG93IjoiOTNjNmFlZiJ9\" href='https:\/\/www.sylvainthevenet.fr\/wp-content\/uploads\/2021\/01\/drome-france-wine-vin-saillans-syrah-agroecologie-carignan-clairette-48.jpg'><img loading=\"lazy\" decoding=\"async\" width=\"150\" height=\"150\" src=\"https:\/\/www.sylvainthevenet.fr\/wp-content\/uploads\/2021\/01\/drome-france-wine-vin-saillans-syrah-agroecologie-carignan-clairette-48-150x150.jpg\" class=\"attachment-thumbnail size-thumbnail\" alt=\"\" \/><\/a>\n\t\t\t<\/div><\/figure><figure class='gallery-item'>\n\t\t\t<div class='gallery-icon landscape'>\n\t\t\t\t<a data-elementor-open-lightbox=\"yes\" data-elementor-lightbox-slideshow=\"93c6aef\" data-elementor-lightbox-title=\"drome-france-wine-vin-saillans-syrah-agroecologie-carignan-clairette-47\" data-e-action-hash=\"#elementor-action%3Aaction%3Dlightbox%26settings%3DeyJpZCI6NTIsInVybCI6Imh0dHBzOlwvXC93d3cuc3lsdmFpbnRoZXZlbmV0LmZyXC93cC1jb250ZW50XC91cGxvYWRzXC8yMDIxXC8wMVwvZHJvbWUtZnJhbmNlLXdpbmUtdmluLXNhaWxsYW5zLXN5cmFoLWFncm9lY29sb2dpZS1jYXJpZ25hbi1jbGFpcmV0dGUtNDcuanBnIiwic2xpZGVzaG93IjoiOTNjNmFlZiJ9\" href='https:\/\/www.sylvainthevenet.fr\/wp-content\/uploads\/2021\/01\/drome-france-wine-vin-saillans-syrah-agroecologie-carignan-clairette-47.jpg'><img loading=\"lazy\" decoding=\"async\" width=\"150\" height=\"150\" src=\"https:\/\/www.sylvainthevenet.fr\/wp-content\/uploads\/2021\/01\/drome-france-wine-vin-saillans-syrah-agroecologie-carignan-clairette-47-150x150.jpg\" class=\"attachment-thumbnail size-thumbnail\" alt=\"\" \/><\/a>\n\t\t\t<\/div><\/figure><figure class='gallery-item'>\n\t\t\t<div class='gallery-icon landscape'>\n\t\t\t\t<a data-elementor-open-lightbox=\"yes\" data-elementor-lightbox-slideshow=\"93c6aef\" data-elementor-lightbox-title=\"drome-france-wine-vin-saillans-syrah-agroecologie-carignan-clairette-40\" data-e-action-hash=\"#elementor-action%3Aaction%3Dlightbox%26settings%3DeyJpZCI6NDUsInVybCI6Imh0dHBzOlwvXC93d3cuc3lsdmFpbnRoZXZlbmV0LmZyXC93cC1jb250ZW50XC91cGxvYWRzXC8yMDIxXC8wMVwvZHJvbWUtZnJhbmNlLXdpbmUtdmluLXNhaWxsYW5zLXN5cmFoLWFncm9lY29sb2dpZS1jYXJpZ25hbi1jbGFpcmV0dGUtNDAuanBnIiwic2xpZGVzaG93IjoiOTNjNmFlZiJ9\" href='https:\/\/www.sylvainthevenet.fr\/wp-content\/uploads\/2021\/01\/drome-france-wine-vin-saillans-syrah-agroecologie-carignan-clairette-40.jpg'><img loading=\"lazy\" decoding=\"async\" width=\"150\" height=\"150\" src=\"https:\/\/www.sylvainthevenet.fr\/wp-content\/uploads\/2021\/01\/drome-france-wine-vin-saillans-syrah-agroecologie-carignan-clairette-40-150x150.jpg\" class=\"attachment-thumbnail size-thumbnail\" alt=\"\" \/><\/a>\n\t\t\t<\/div><\/figure><figure class='gallery-item'>\n\t\t\t<div class='gallery-icon portrait'>\n\t\t\t\t<a data-elementor-open-lightbox=\"yes\" data-elementor-lightbox-slideshow=\"93c6aef\" data-elementor-lightbox-title=\"drome-france-wine-vin-saillans-syrah-agroecologie-carignan-clairette-31\" data-e-action-hash=\"#elementor-action%3Aaction%3Dlightbox%26settings%3DeyJpZCI6MzYsInVybCI6Imh0dHBzOlwvXC93d3cuc3lsdmFpbnRoZXZlbmV0LmZyXC93cC1jb250ZW50XC91cGxvYWRzXC8yMDIxXC8wMVwvZHJvbWUtZnJhbmNlLXdpbmUtdmluLXNhaWxsYW5zLXN5cmFoLWFncm9lY29sb2dpZS1jYXJpZ25hbi1jbGFpcmV0dGUtMzEuanBnIiwic2xpZGVzaG93IjoiOTNjNmFlZiJ9\" href='https:\/\/www.sylvainthevenet.fr\/wp-content\/uploads\/2021\/01\/drome-france-wine-vin-saillans-syrah-agroecologie-carignan-clairette-31.jpg'><img loading=\"lazy\" decoding=\"async\" width=\"150\" height=\"150\" src=\"https:\/\/www.sylvainthevenet.fr\/wp-content\/uploads\/2021\/01\/drome-france-wine-vin-saillans-syrah-agroecologie-carignan-clairette-31-150x150.jpg\" class=\"attachment-thumbnail size-thumbnail\" alt=\"\" \/><\/a>\n\t\t\t<\/div><\/figure><figure class='gallery-item'>\n\t\t\t<div class='gallery-icon landscape'>\n\t\t\t\t<a data-elementor-open-lightbox=\"yes\" data-elementor-lightbox-slideshow=\"93c6aef\" data-elementor-lightbox-title=\"drome-france-wine-vin-saillans-syrah-agroecologie-carignan-clairette-29\" data-e-action-hash=\"#elementor-action%3Aaction%3Dlightbox%26settings%3DeyJpZCI6MzQsInVybCI6Imh0dHBzOlwvXC93d3cuc3lsdmFpbnRoZXZlbmV0LmZyXC93cC1jb250ZW50XC91cGxvYWRzXC8yMDIxXC8wMVwvZHJvbWUtZnJhbmNlLXdpbmUtdmluLXNhaWxsYW5zLXN5cmFoLWFncm9lY29sb2dpZS1jYXJpZ25hbi1jbGFpcmV0dGUtMjkuanBnIiwic2xpZGVzaG93IjoiOTNjNmFlZiJ9\" href='https:\/\/www.sylvainthevenet.fr\/wp-content\/uploads\/2021\/01\/drome-france-wine-vin-saillans-syrah-agroecologie-carignan-clairette-29.jpg'><img loading=\"lazy\" decoding=\"async\" width=\"150\" height=\"150\" src=\"https:\/\/www.sylvainthevenet.fr\/wp-content\/uploads\/2021\/01\/drome-france-wine-vin-saillans-syrah-agroecologie-carignan-clairette-29-150x150.jpg\" class=\"attachment-thumbnail size-thumbnail\" alt=\"\" \/><\/a>\n\t\t\t<\/div><\/figure><figure class='gallery-item'>\n\t\t\t<div class='gallery-icon landscape'>\n\t\t\t\t<a data-elementor-open-lightbox=\"yes\" data-elementor-lightbox-slideshow=\"93c6aef\" data-elementor-lightbox-title=\"bouteilles-torsion\" data-e-action-hash=\"#elementor-action%3Aaction%3Dlightbox%26settings%3DeyJpZCI6MTQ2LCJ1cmwiOiJodHRwczpcL1wvd3d3LnN5bHZhaW50aGV2ZW5ldC5mclwvd3AtY29udGVudFwvdXBsb2Fkc1wvMjAyMVwvMDJcL2JvdXRlaWxsZXMtdG9yc2lvbi5qcGciLCJzbGlkZXNob3ciOiI5M2M2YWVmIn0%3D\" href='https:\/\/www.sylvainthevenet.fr\/wp-content\/uploads\/2021\/02\/bouteilles-torsion.jpg'><img loading=\"lazy\" decoding=\"async\" width=\"150\" height=\"150\" src=\"https:\/\/www.sylvainthevenet.fr\/wp-content\/uploads\/2021\/02\/bouteilles-torsion-150x150.jpg\" class=\"attachment-thumbnail size-thumbnail\" alt=\"\" \/><\/a>\n\t\t\t<\/div><\/figure><figure class='gallery-item'>\n\t\t\t<div class='gallery-icon landscape'>\n\t\t\t\t<a data-elementor-open-lightbox=\"yes\" data-elementor-lightbox-slideshow=\"93c6aef\" data-elementor-lightbox-title=\"kore-2020_wine-white-label-saillans-domaine-vin-etiquette\" data-e-action-hash=\"#elementor-action%3Aaction%3Dlightbox%26settings%3DeyJpZCI6ODEyLCJ1cmwiOiJodHRwczpcL1wvd3d3LnN5bHZhaW50aGV2ZW5ldC5mclwvd3AtY29udGVudFwvdXBsb2Fkc1wvMjAyMVwvMDVcL2tvcmUtMjAyMF93aW5lLXdoaXRlLWxhYmVsLXNhaWxsYW5zLWRvbWFpbmUtdmluLWV0aXF1ZXR0ZS5wbmciLCJzbGlkZXNob3ciOiI5M2M2YWVmIn0%3D\" href='https:\/\/www.sylvainthevenet.fr\/wp-content\/uploads\/2021\/05\/kore-2020_wine-white-label-saillans-domaine-vin-etiquette.png'><img loading=\"lazy\" decoding=\"async\" width=\"150\" height=\"150\" src=\"https:\/\/www.sylvainthevenet.fr\/wp-content\/uploads\/2021\/05\/kore-2020_wine-white-label-saillans-domaine-vin-etiquette-150x150.png\" class=\"attachment-thumbnail size-thumbnail\" alt=\"\" aria-describedby=\"gallery-1-812\" \/><\/a>\n\t\t\t<\/div>\n\t\t\t\t<figcaption class='wp-caption-text gallery-caption' id='gallery-1-812'>\n\t\t\t\t\u00a9 Yannis Frier\n\t\t\t\t<\/figcaption><\/figure><figure class='gallery-item'>\n\t\t\t<div class='gallery-icon landscape'>\n\t\t\t\t<a data-elementor-open-lightbox=\"yes\" data-elementor-lightbox-slideshow=\"93c6aef\" data-elementor-lightbox-title=\"vita-brevis-2019_wine-red-label-saillans-domaine-vin-etiquette\" data-e-action-hash=\"#elementor-action%3Aaction%3Dlightbox%26settings%3DeyJpZCI6ODExLCJ1cmwiOiJodHRwczpcL1wvd3d3LnN5bHZhaW50aGV2ZW5ldC5mclwvd3AtY29udGVudFwvdXBsb2Fkc1wvMjAyMVwvMDVcL3ZpdGEtYnJldmlzLTIwMTlfd2luZS1yZWQtbGFiZWwtc2FpbGxhbnMtZG9tYWluZS12aW4tZXRpcXVldHRlLnBuZyIsInNsaWRlc2hvdyI6IjkzYzZhZWYifQ%3D%3D\" href='https:\/\/www.sylvainthevenet.fr\/wp-content\/uploads\/2021\/05\/vita-brevis-2019_wine-red-label-saillans-domaine-vin-etiquette.png'><img loading=\"lazy\" decoding=\"async\" width=\"150\" height=\"150\" src=\"https:\/\/www.sylvainthevenet.fr\/wp-content\/uploads\/2021\/05\/vita-brevis-2019_wine-red-label-saillans-domaine-vin-etiquette-150x150.png\" class=\"attachment-thumbnail size-thumbnail\" alt=\"Vita Brevis\" aria-describedby=\"gallery-1-811\" \/><\/a>\n\t\t\t<\/div>\n\t\t\t\t<figcaption class='wp-caption-text gallery-caption' id='gallery-1-811'>\n\t\t\t\t\u00a9 Yannis Frier\n\t\t\t\t<\/figcaption><\/figure><figure class='gallery-item'>\n\t\t\t<div class='gallery-icon landscape'>\n\t\t\t\t<a data-elementor-open-lightbox=\"yes\" data-elementor-lightbox-slideshow=\"93c6aef\" data-elementor-lightbox-title=\"ars-longa-2018_wine-red-label-saillans-domaine-vin-etiquette\" data-e-action-hash=\"#elementor-action%3Aaction%3Dlightbox%26settings%3DeyJpZCI6ODEwLCJ1cmwiOiJodHRwczpcL1wvd3d3LnN5bHZhaW50aGV2ZW5ldC5mclwvd3AtY29udGVudFwvdXBsb2Fkc1wvMjAyMVwvMDVcL2Fycy1sb25nYS0yMDE4X3dpbmUtcmVkLWxhYmVsLXNhaWxsYW5zLWRvbWFpbmUtdmluLWV0aXF1ZXR0ZS5wbmciLCJzbGlkZXNob3ciOiI5M2M2YWVmIn0%3D\" href='https:\/\/www.sylvainthevenet.fr\/wp-content\/uploads\/2021\/05\/ars-longa-2018_wine-red-label-saillans-domaine-vin-etiquette.png'><img loading=\"lazy\" decoding=\"async\" width=\"150\" height=\"150\" src=\"https:\/\/www.sylvainthevenet.fr\/wp-content\/uploads\/2021\/05\/ars-longa-2018_wine-red-label-saillans-domaine-vin-etiquette-150x150.png\" class=\"attachment-thumbnail size-thumbnail\" alt=\"Ars Longa\" aria-describedby=\"gallery-1-810\" \/><\/a>\n\t\t\t<\/div>\n\t\t\t\t<figcaption class='wp-caption-text gallery-caption' id='gallery-1-810'>\n\t\t\t\t\u00a9 Yannis Frier\n\t\t\t\t<\/figcaption><\/figure>\n\t\t<\/div>\n\t\t<\/div>\n\t\t\t\t\t\t<\/div>\n\t\t\t\t<\/div>\n\t\t\t\t\t<\/div>\n\t\t<\/div>\n\t\t\t\t\t<\/div>\n\t\t<\/section>\n\t\t\t\t<section class=\"elementor-section elementor-top-section elementor-element elementor-element-7ed2993 elementor-section-height-min-height elementor-section-full_width elementor-section-height-default elementor-section-items-middle\" data-id=\"7ed2993\" data-element_type=\"section\" data-e-type=\"section\">\n\t\t\t\t\t\t<div class=\"elementor-container elementor-column-gap-default\">\n\t\t\t\t\t<div class=\"elementor-column elementor-col-100 elementor-top-column elementor-element elementor-element-bac3c09\" data-id=\"bac3c09\" data-element_type=\"column\" data-e-type=\"column\">\n\t\t\t<div class=\"elementor-widget-wrap\">\n\t\t\t\t\t\t\t<\/div>\n\t\t<\/div>\n\t\t\t\t\t<\/div>\n\t\t<\/section>\n\t\t\t\t<\/div>\n\t\t","protected":false},"excerpt":{"rendered":"<p>Je vous invite \u00e0 d\u00e9couvrir les vins Bio de la Ferme Saint Maurice j\u2019esp\u00e8re qu\u2019ils vous plairont.Les vins rouges sont issus d\u2019une vigne de Syrah de 1ha que j\u2019ai plant\u00e9e en 2014, conduite en bio depuis sa plantation, ainsi que d\u2019une petite vigne de Carignan plant\u00e9e il y a 75 ans. Le vin blanc provient &hellip; <a href=\"https:\/\/www.sylvainthevenet.fr\/?page_id=64\" class=\"more-link\">Continuer la lecture<span class=\"screen-reader-text\"> de &laquo;&nbsp;vins&nbsp;&raquo;<\/span><\/a><\/p>\n","protected":false},"author":1,"featured_media":0,"parent":0,"menu_order":0,"comment_status":"closed","ping_status":"closed","template":"","meta":{"footnotes":""},"class_list":["post-64","page","type-page","status-publish","hentry"],"_links":{"self":[{"href":"https:\/\/www.sylvainthevenet.fr\/index.php?rest_route=\/wp\/v2\/pages\/64","targetHints":{"allow":["GET"]}}],"collection":[{"href":"https:\/\/www.sylvainthevenet.fr\/index.php?rest_route=\/wp\/v2\/pages"}],"about":[{"href":"https:\/\/www.sylvainthevenet.fr\/index.php?rest_route=\/wp\/v2\/types\/page"}],"author":[{"embeddable":true,"href":"https:\/\/www.sylvainthevenet.fr\/index.php?rest_route=\/wp\/v2\/users\/1"}],"replies":[{"embeddable":true,"href":"https:\/\/www.sylvainthevenet.fr\/index.php?rest_route=%2Fwp%2Fv2%2Fcomments&post=64"}],"version-history":[{"count":330,"href":"https:\/\/www.sylvainthevenet.fr\/index.php?rest_route=\/wp\/v2\/pages\/64\/revisions"}],"predecessor-version":[{"id":824,"href":"https:\/\/www.sylvainthevenet.fr\/index.php?rest_route=\/wp\/v2\/pages\/64\/revisions\/824"}],"wp:attachment":[{"href":"https:\/\/www.sylvainthevenet.fr\/index.php?rest_route=%2Fwp%2Fv2%2Fmedia&parent=64"}],"curies":[{"name":"wp","href":"https:\/\/api.w.org\/{rel}","templated":true}]}}